{"id":12,"date":"2020-03-13T09:33:01","date_gmt":"2020-03-13T09:33:01","guid":{"rendered":"https:\/\/cqllab.upc.edu\/biblio\/networks\/?page_id=12"},"modified":"2024-12-21T17:38:21","modified_gmt":"2024-12-21T17:38:21","slug":"acknowledgements","status":"publish","type":"page","link":"https:\/\/cqllab.upc.edu\/biblio\/networks\/acknowledgements\/","title":{"rendered":"Acknowledgements"},"content":{"rendered":"\n<p>This bibliography has been compiled with the help of <a href=\"http:\/\/www.icmc.usp.br\/%7Elantiq\/\">Lucas Antiqueira<\/a>, <a href=\"https:\/\/sites.google.com\/site\/andreabaronchelli\/\">Andrea Barochelli<\/a>, Brita Elvev\u00e5g, Silvia Caldeira, <a href=\"http:\/\/www.cechradek.cz\/\">Radek \u010cech<\/a>, Joshua Gerrish, <a href=\"http:\/\/scholar.google.com\/citations?user=8ak4tvsAAAAJ&amp;hl=en\">Yoed Kenett<\/a>, <a href=\"http:\/\/alknyelv.sek.nyme.hu\/kl\/\">L\u00e1szl\u00f3 K\u00f3vacs<\/a>, <a href=\"http:\/\/mypage.zju.edu.cn\/en\/lht\">Haitao Liu<\/a>, Adolfo Paolo Masucci, <a href=\"http:\/\/ariadne.coli.uni-bielefeld.de\/mehler\/\">Alexander Mehler<\/a>, <a href=\"http:\/\/micro5.mscc.huji.ac.il\/%7Emsnionio\">Anat Ninio<\/a>, <a href=\"http:\/\/laral.istc.cnr.it\/nolfi\/\">Stefano         Nolfi<\/a>, Morgan Sonderegger and <a href=\"http:\/\/www.people.ku.edu\/%7Emvitevit\/\">Michael Vitevitch<\/a>.<\/p>\n","protected":false},"excerpt":{"rendered":"<p>This bibliography has been compiled with the help of Lucas Antiqueira, Andrea Barochelli, Brita Elvev\u00e5g, Silvia Caldeira, Radek \u010cech, Joshua Gerrish, Yoed Kenett, L\u00e1szl\u00f3 K\u00f3vacs, Haitao Liu, Adolfo Paolo Masucci, Alexander Mehler, Anat Ninio, Stefano Nolfi, Morgan Sonderegger and Michael Vitevitch.<\/p>\n","protected":false},"author":1,"featured_media":0,"parent":0,"menu_order":0,"comment_status":"closed","ping_status":"closed","template":"","meta":{"footnotes":""},"class_list":["post-12","page","type-page","status-publish","hentry"],"_links":{"self":[{"href":"https:\/\/cqllab.upc.edu\/biblio\/networks\/wp-json\/wp\/v2\/pages\/12","targetHints":{"allow":["GET"]}}],"collection":[{"href":"https:\/\/cqllab.upc.edu\/biblio\/networks\/wp-json\/wp\/v2\/pages"}],"about":[{"href":"https:\/\/cqllab.upc.edu\/biblio\/networks\/wp-json\/wp\/v2\/types\/page"}],"author":[{"embeddable":true,"href":"https:\/\/cqllab.upc.edu\/biblio\/networks\/wp-json\/wp\/v2\/users\/1"}],"replies":[{"embeddable":true,"href":"https:\/\/cqllab.upc.edu\/biblio\/networks\/wp-json\/wp\/v2\/comments?post=12"}],"version-history":[{"count":1,"href":"https:\/\/cqllab.upc.edu\/biblio\/networks\/wp-json\/wp\/v2\/pages\/12\/revisions"}],"predecessor-version":[{"id":13,"href":"https:\/\/cqllab.upc.edu\/biblio\/networks\/wp-json\/wp\/v2\/pages\/12\/revisions\/13"}],"wp:attachment":[{"href":"https:\/\/cqllab.upc.edu\/biblio\/networks\/wp-json\/wp\/v2\/media?parent=12"}],"curies":[{"name":"wp","href":"https:\/\/api.w.org\/{rel}","templated":true}]}}