{"id":6,"date":"2020-02-20T07:45:05","date_gmt":"2020-02-20T07:45:05","guid":{"rendered":"https:\/\/cqllab.upc.edu\/people\/therfer\/?page_id=6"},"modified":"2026-03-13T20:22:21","modified_gmt":"2026-03-13T20:22:21","slug":"the-new-umoma-opens-its-doors-2","status":"publish","type":"page","link":"https:\/\/cqllab.upc.edu\/people\/therfer\/","title":{"rendered":"Antoni Hern\u00e1ndez Fern\u00e1ndez"},"content":{"rendered":"\n<p><\/p>\n\n\n\n<p>I am physicist, linguist and PhD in Cognitive Science (Linguistics). My current research interests include <strong><a href=\"https:\/\/futur.upc.edu\/183168\">Education <\/a><\/strong>in a broad sense (AI, gamification, project-based learning, technology education, technoethics, etc.) and of course <strong><a href=\"https:\/\/cqllab.upc.edu\/people\/therfer\/quantitative-linguistics\/\">Quantitative Linguistics<\/a><\/strong>, i.e. the study of general patterns in language and in communication systems.<\/p>\n\n\n\n<div class=\"wp-block-group alignwide\"><div class=\"wp-block-group__inner-container is-layout-flow wp-block-group-is-layout-flow\">\n<h2 class=\"wp-block-heading has-text-align-center\"> <em>&#8220;Homo sum, humani nihil a me alienum puto&#8221;<\/em><\/h2>\n<\/div><\/div>\n\n\n\n<div class=\"wp-block-columns alignwide is-layout-flex wp-container-core-columns-is-layout-9d6595d7 wp-block-columns-is-layout-flex\">\n<div class=\"wp-block-column is-layout-flow wp-block-column-is-layout-flow\">\n<div class=\"wp-block-group\"><div class=\"wp-block-group__inner-container is-layout-flow wp-block-group-is-layout-flow\">\n<h3 class=\"wp-block-heading\">Selected Books:<\/h3>\n\n\n\n<p class=\"has-normal-font-size\"><strong>Creativitat digital<\/strong> (2023)<\/p>\n\n\n\n<figure class=\"wp-block-image size-large is-resized\"><img loading=\"lazy\" decoding=\"async\" width=\"596\" height=\"1024\" src=\"https:\/\/cqllab.upc.edu\/people\/therfer\/wp-content\/uploads\/2023\/11\/9788410008090-596x1024.jpg\" alt=\"\" class=\"wp-image-321\" style=\"aspect-ratio:0.5826086956521739;width:269px;height:auto\" srcset=\"https:\/\/cqllab.upc.edu\/people\/therfer\/wp-content\/uploads\/2023\/11\/9788410008090-596x1024.jpg 596w, https:\/\/cqllab.upc.edu\/people\/therfer\/wp-content\/uploads\/2023\/11\/9788410008090-175x300.jpg 175w, https:\/\/cqllab.upc.edu\/people\/therfer\/wp-content\/uploads\/2023\/11\/9788410008090.jpg 730w\" sizes=\"auto, (max-width: 596px) 100vw, 596px\" \/><figcaption class=\"wp-element-caption\">New book about <strong>&#8216;Digital creativity&#8217;,<\/strong> in Catalan, with theoretical reflections on creativity in the era of generative AI, and practical experiences carried out at the UPC.<br>Antoni Hern\u00e1ndez-Fern\u00e1ndez (Ed.)<br>Downolad for free here: <a href=\"https:\/\/upcommons.upc.edu\/handle\/2117\/395833\">Creativitat digital (upc.edu)<\/a><\/figcaption><\/figure>\n\n\n\n<div class=\"wp-block-buttons is-layout-flex wp-block-buttons-is-layout-flex\">\n<div class=\"wp-block-button\"><a class=\"wp-block-button__link wp-element-button\" href=\"https:\/\/upcommons.upc.edu\/bitstream\/handle\/2117\/395833\/978841008090.pdf?sequence=6&amp;isAllowed=y\" target=\"_blank\" rel=\"noreferrer noopener\">FREE PDF HERE <\/a><\/div>\n<\/div>\n\n\n\n<p class=\"has-normal-font-size\"><strong>Quantitative Approaches to Universality and Individuality in Language<\/strong> (2023)<\/p>\n\n\n\n<figure class=\"wp-block-image size-medium is-resized\"><img loading=\"lazy\" decoding=\"async\" width=\"203\" height=\"300\" src=\"https:\/\/cqllab.upc.edu\/people\/therfer\/wp-content\/uploads\/2023\/02\/image-1-203x300.png\" alt=\"\" class=\"wp-image-249\" style=\"width:208px;height:307px\" srcset=\"https:\/\/cqllab.upc.edu\/people\/therfer\/wp-content\/uploads\/2023\/02\/image-1-203x300.png 203w, https:\/\/cqllab.upc.edu\/people\/therfer\/wp-content\/uploads\/2023\/02\/image-1-694x1024.png 694w, https:\/\/cqllab.upc.edu\/people\/therfer\/wp-content\/uploads\/2023\/02\/image-1-768x1133.png 768w, https:\/\/cqllab.upc.edu\/people\/therfer\/wp-content\/uploads\/2023\/02\/image-1.png 800w\" sizes=\"auto, (max-width: 203px) 100vw, 203px\" \/><figcaption class=\"wp-element-caption\">See our new chapter &#8220;<strong>Linguistic laws in Catalan<\/strong>&#8220;<br>From the book&nbsp;<a href=\"https:\/\/www.degruyter.com\/document\/doi\/10.1515\/9783110763560\/html\">Quantitative Approaches to Universality and Individuality in Language<\/a><br>Antoni Hern\u00e1ndez-Fern\u00e1ndez&nbsp;,&nbsp;Juan Mar\u00eda Garrido&nbsp;,&nbsp;Bartolo Luque&nbsp;and&nbsp;Iv\u00e1n Gonz\u00e1lez Torre<br><a rel=\"noreferrer noopener\" href=\"https:\/\/doi.org\/10.1515\/9783110763560-005\" target=\"_blank\">https:\/\/doi.org\/10.1515\/9783110763560-005<\/a><\/figcaption><\/figure>\n\n\n\n<h3 class=\"wp-block-heading\">Intel\u00b7lig\u00e8ncia artificial i tecno\u00e8tica<\/h3>\n\n\n\n<p>June 2022<\/p>\n\n\n\n<figure class=\"wp-block-image size-full is-resized\"><img loading=\"lazy\" decoding=\"async\" width=\"442\" height=\"724\" src=\"https:\/\/cqllab.upc.edu\/people\/therfer\/wp-content\/uploads\/2022\/04\/UPCARTS_1.png\" alt=\"\" class=\"wp-image-234\" srcset=\"https:\/\/cqllab.upc.edu\/people\/therfer\/wp-content\/uploads\/2022\/04\/UPCARTS_1.png 442w, https:\/\/cqllab.upc.edu\/people\/therfer\/wp-content\/uploads\/2022\/04\/UPCARTS_1-183x300.png 183w\" sizes=\"auto, (max-width: 442px) 100vw, 442px\" \/><figcaption class=\"wp-element-caption\">Coming soon! I have had the pleasure of editing <strong>in Catalan<\/strong> this work of debate on the ethics of the use of artificial intelligence, by Carissa V\u00e9liz and Cecilio Angulo. #UPC_ARTS<\/figcaption><\/figure>\n\n\n\n<div class=\"wp-block-buttons is-layout-flex wp-block-buttons-is-layout-flex\">\n<div class=\"wp-block-button\"><a class=\"wp-block-button__link wp-element-button\" href=\"https:\/\/upcommons.upc.edu\/handle\/2117\/365627\" target=\"_blank\" rel=\"noreferrer noopener\">FREE PDF HERE <\/a><\/div>\n<\/div>\n\n\n\n<h3 class=\"wp-block-heading\">Information Theory and Language <\/h3>\n\n\n\n<p>September 2020<\/p>\n\n\n\n<figure class=\"wp-block-image is-resized\"><img decoding=\"async\" src=\"https:\/\/res.mdpi.com\/bookfiles\/book\/2614\/Information_Theory_and_Language.jpg?v1605983426\" alt=\"Information Theory and Language\" style=\"width:220px;height:314px\"\/><\/figure>\n\n\n\n<div class=\"wp-block-button is-style-outline is-style-outline--1\"><a class=\"wp-block-button__link wp-element-button\" href=\"https:\/\/www.mdpi.com\/books\/pdfview\/book\/2614\">FREE PDF HERE<\/a><\/div>\n\n\n\n<h3 class=\"wp-block-heading\"><em>Ling\u00fc\u00edstica Cuantitativa<\/em><\/h3>\n\n\n\n<p>August 2019<\/p>\n\n\n\n<p>First book in Spanish of scientific dissemination on &#8220;Quantitative Linguistics&#8221;<\/p>\n\n\n\n<figure class=\"wp-block-image size-large is-resized\"><img loading=\"lazy\" decoding=\"async\" width=\"960\" height=\"720\" src=\"https:\/\/cqllab.upc.edu\/people\/therfer\/wp-content\/uploads\/2020\/02\/83005274_10157258051734685_6294289261076152320_o.jpg\" alt=\"\" class=\"wp-image-37\" style=\"width:498px;height:374px\" srcset=\"https:\/\/cqllab.upc.edu\/people\/therfer\/wp-content\/uploads\/2020\/02\/83005274_10157258051734685_6294289261076152320_o.jpg 960w, https:\/\/cqllab.upc.edu\/people\/therfer\/wp-content\/uploads\/2020\/02\/83005274_10157258051734685_6294289261076152320_o-300x225.jpg 300w, https:\/\/cqllab.upc.edu\/people\/therfer\/wp-content\/uploads\/2020\/02\/83005274_10157258051734685_6294289261076152320_o-768x576.jpg 768w\" sizes=\"auto, (max-width: 960px) 100vw, 960px\" \/><\/figure>\n\n\n\n<div class=\"wp-block-button is-style-outline is-style-outline--2\"><a class=\"wp-block-button__link wp-element-button\">SOLD OUT!<\/a><\/div>\n<\/div><\/div>\n\n\n\n<div class=\"wp-block-group\"><div class=\"wp-block-group__inner-container is-layout-flow wp-block-group-is-layout-flow\">\n<h3 class=\"wp-block-heading\"> Filosofia de la tecnologia <\/h3>\n\n\n\n<p> September 2019 <\/p>\n\n\n\n<p> First edition in Catalan of a selection of Mario Bunge publications on philosophy of technology and technoethics. <\/p>\n\n\n\n<figure class=\"wp-block-image size-large is-resized\"><img loading=\"lazy\" decoding=\"async\" width=\"726\" height=\"1024\" src=\"https:\/\/cqllab.upc.edu\/people\/therfer\/wp-content\/uploads\/2020\/02\/9788498807707-1-726x1024.jpg\" alt=\"\" class=\"wp-image-43\" style=\"width:243px;height:341px\" srcset=\"https:\/\/cqllab.upc.edu\/people\/therfer\/wp-content\/uploads\/2020\/02\/9788498807707-1-726x1024.jpg 726w, https:\/\/cqllab.upc.edu\/people\/therfer\/wp-content\/uploads\/2020\/02\/9788498807707-1-213x300.jpg 213w, https:\/\/cqllab.upc.edu\/people\/therfer\/wp-content\/uploads\/2020\/02\/9788498807707-1-768x1084.jpg 768w, https:\/\/cqllab.upc.edu\/people\/therfer\/wp-content\/uploads\/2020\/02\/9788498807707-1-1088x1536.jpg 1088w, https:\/\/cqllab.upc.edu\/people\/therfer\/wp-content\/uploads\/2020\/02\/9788498807707-1-1200x1694.jpg 1200w, https:\/\/cqllab.upc.edu\/people\/therfer\/wp-content\/uploads\/2020\/02\/9788498807707-1.jpg 1400w\" sizes=\"auto, (max-width: 726px) 100vw, 726px\" \/><\/figure>\n\n\n\n<div class=\"wp-block-button is-style-outline is-style-outline--3\"><a class=\"wp-block-button__link wp-element-button\" href=\"https:\/\/publicacions.iec.cat\/PopulaFitxa.do?moduleName=cataleg&amp;subModuleName=cerca_rapida&amp;idCatalogacio=32508\">Read More<\/a><\/div>\n<\/div><\/div>\n<\/div>\n\n\n\n<div class=\"wp-block-column is-layout-flow wp-block-column-is-layout-flow\">\n<div class=\"wp-block-group\"><div class=\"wp-block-group__inner-container is-layout-flow wp-block-group-is-layout-flow\">\n<h3 class=\"wp-block-heading\">TRESORS UPC<\/h3>\n\n\n\n<p>New book on UPC cultural treasures!<\/p>\n\n\n\n<p>Also enjoy website: <a href=\"https:\/\/tresors.upc.edu\/\">Tresors UPC<\/a><\/p>\n\n\n\n<figure class=\"wp-block-image size-large is-resized\"><img loading=\"lazy\" decoding=\"async\" width=\"615\" height=\"1024\" src=\"https:\/\/cqllab.upc.edu\/people\/therfer\/wp-content\/uploads\/2026\/03\/tresors-615x1024.jpg\" alt=\"\" class=\"wp-image-381\" style=\"width:214px;height:auto\" srcset=\"https:\/\/cqllab.upc.edu\/people\/therfer\/wp-content\/uploads\/2026\/03\/tresors-615x1024.jpg 615w, https:\/\/cqllab.upc.edu\/people\/therfer\/wp-content\/uploads\/2026\/03\/tresors-180x300.jpg 180w, https:\/\/cqllab.upc.edu\/people\/therfer\/wp-content\/uploads\/2026\/03\/tresors.jpg 730w\" sizes=\"auto, (max-width: 615px) 100vw, 615px\" \/><\/figure>\n\n\n\n<p><a href=\"https:\/\/upcommons.upc.edu\/server\/api\/core\/bitstreams\/da52e675-37a9-41aa-806e-5364eb77c248\/content\">FREE PDF HERE<\/a><\/p>\n\n\n\n<figure class=\"wp-block-image size-large is-resized\"><a href=\"https:\/\/artidisseny.com\/\"><img loading=\"lazy\" decoding=\"async\" width=\"609\" height=\"222\" src=\"https:\/\/cqllab.upc.edu\/people\/therfer\/wp-content\/uploads\/2020\/02\/EMADT_logo_12cm.png\" alt=\"\" class=\"wp-image-46\" style=\"aspect-ratio:2.7532467532467533;width:284px;height:auto\" srcset=\"https:\/\/cqllab.upc.edu\/people\/therfer\/wp-content\/uploads\/2020\/02\/EMADT_logo_12cm.png 609w, https:\/\/cqllab.upc.edu\/people\/therfer\/wp-content\/uploads\/2020\/02\/EMADT_logo_12cm-300x109.png 300w\" sizes=\"auto, (max-width: 609px) 100vw, 609px\" \/><\/a><\/figure>\n\n\n\n<p><a href=\"https:\/\/artidisseny.com\/\">Enjoy Art &amp; Design!<\/a><\/p>\n<\/div><\/div>\n\n\n\n<figure class=\"wp-block-gallery has-nested-images columns-default is-cropped wp-block-gallery-4 is-layout-flex wp-block-gallery-is-layout-flex\">\n<figure class=\"wp-block-image size-large\"><img loading=\"lazy\" decoding=\"async\" width=\"1500\" height=\"628\" data-id=\"233\" src=\"https:\/\/cqllab.upc.edu\/people\/therfer\/wp-content\/uploads\/2022\/04\/toni_holograma-edited.png\" alt=\"\" class=\"wp-image-233\" srcset=\"https:\/\/cqllab.upc.edu\/people\/therfer\/wp-content\/uploads\/2022\/04\/toni_holograma-edited.png 1500w, https:\/\/cqllab.upc.edu\/people\/therfer\/wp-content\/uploads\/2022\/04\/toni_holograma-edited-300x126.png 300w, https:\/\/cqllab.upc.edu\/people\/therfer\/wp-content\/uploads\/2022\/04\/toni_holograma-edited-1024x429.png 1024w, https:\/\/cqllab.upc.edu\/people\/therfer\/wp-content\/uploads\/2022\/04\/toni_holograma-edited-768x322.png 768w\" sizes=\"auto, (max-width: 1500px) 100vw, 1500px\" \/><figcaption class=\"wp-element-caption\">&#8220;Therfer&#8221; by Adri\u00e0 Mu\u00f1oz (2022) <\/figcaption><\/figure>\n\n\n\n<figure class=\"wp-block-image size-large is-resized\"><img loading=\"lazy\" decoding=\"async\" width=\"720\" height=\"960\" data-id=\"68\" src=\"https:\/\/cqllab.upc.edu\/people\/therfer\/wp-content\/uploads\/2020\/02\/82765076_10157258051719685_5374130068807221248_o.jpg\" alt=\"\" class=\"wp-image-68\" srcset=\"https:\/\/cqllab.upc.edu\/people\/therfer\/wp-content\/uploads\/2020\/02\/82765076_10157258051719685_5374130068807221248_o.jpg 720w, https:\/\/cqllab.upc.edu\/people\/therfer\/wp-content\/uploads\/2020\/02\/82765076_10157258051719685_5374130068807221248_o-225x300.jpg 225w\" sizes=\"auto, (max-width: 720px) 100vw, 720px\" \/><figcaption class=\"wp-element-caption\">&#8220;Therfer&#8221;, graffiti, 2017, <br>Vitoria-Gasteiz<\/figcaption><\/figure>\n<\/figure>\n\n\n\n<h3 class=\"wp-block-heading\">Research &amp; more in UPC!<\/h3>\n\n\n\n<figure class=\"wp-block-image size-large\"><img loading=\"lazy\" decoding=\"async\" width=\"320\" height=\"67\" src=\"https:\/\/cqllab.upc.edu\/people\/therfer\/wp-content\/uploads\/2020\/02\/logomark-1.png\" alt=\"\" class=\"wp-image-45\" srcset=\"https:\/\/cqllab.upc.edu\/people\/therfer\/wp-content\/uploads\/2020\/02\/logomark-1.png 320w, https:\/\/cqllab.upc.edu\/people\/therfer\/wp-content\/uploads\/2020\/02\/logomark-1-300x63.png 300w\" sizes=\"auto, (max-width: 320px) 100vw, 320px\" \/><\/figure>\n\n\n\n<div class=\"wp-block-group\"><div class=\"wp-block-group__inner-container is-layout-flow wp-block-group-is-layout-flow\">\n<p><a href=\"https:\/\/futur.upc.edu\/AntonioHernandezFernandez\"><strong>FUTUR UPC<\/strong><\/a><\/p>\n\n\n\n<p><strong><a href=\"https:\/\/cqllab.upc.edu\/\">CQL LAB <\/a><\/strong><\/p>\n\n\n\n<p><a href=\"https:\/\/lqmc.upc.edu\/\"><strong>LQMC-UPC<\/strong><\/a><\/p>\n\n\n\n<figure class=\"wp-block-gallery has-nested-images columns-default is-cropped wp-block-gallery-5 is-layout-flex wp-block-gallery-is-layout-flex\">\n<figure class=\"wp-block-image size-large\"><img loading=\"lazy\" decoding=\"async\" width=\"500\" height=\"375\" data-id=\"44\" src=\"https:\/\/cqllab.upc.edu\/people\/therfer\/wp-content\/uploads\/2020\/02\/cql.jpeg\" alt=\"\" class=\"wp-image-44\" srcset=\"https:\/\/cqllab.upc.edu\/people\/therfer\/wp-content\/uploads\/2020\/02\/cql.jpeg 500w, https:\/\/cqllab.upc.edu\/people\/therfer\/wp-content\/uploads\/2020\/02\/cql-300x225.jpeg 300w\" sizes=\"auto, (max-width: 500px) 100vw, 500px\" \/><figcaption class=\"wp-element-caption\"><a href=\"https:\/\/cqllab.upc.edu\/\" target=\"_blank\" rel=\"noreferrer noopener\">CQL Lab \u2013 Complexity &amp; Quantitative Linguistics Lab (upc.edu)<\/a><\/figcaption><\/figure>\n<\/figure>\n<\/div><\/div>\n\n\n\n<p><\/p>\n<\/div>\n<\/div>\n\n\n\n<div class=\"wp-block-group alignwide\"><div class=\"wp-block-group__inner-container is-layout-flow wp-block-group-is-layout-flow\">\n<h2 class=\"wp-block-heading has-accent-color has-text-color\">\u201dI do not understand human nature without exploring all its forms of communication: Language, Design, Arts, Music, \u2026 Science!\u201d<\/h2>\n<\/div><\/div>\n\n\n\n<p class=\"has-text-align-center has-drop-cap\">And without a good <strong>Education <\/strong>nothing we investigate will be bequeathed to the next generations and&#8230;<\/p>\n\n\n\n<p><\/p>\n\n\n\n<p class=\"has-text-align-center has-drop-cap\">Everything will have been in vain&#8230;<\/p>\n\n\n\n<figure class=\"wp-block-gallery alignwide has-nested-images columns-default is-cropped wp-block-gallery-6 is-layout-flex wp-block-gallery-is-layout-flex\">\n<figure class=\"wp-block-image size-large\"><img loading=\"lazy\" decoding=\"async\" width=\"960\" height=\"720\" data-id=\"42\" src=\"https:\/\/cqllab.upc.edu\/people\/therfer\/wp-content\/uploads\/2020\/02\/82766898_10157258050224685_7390514508726272000_o.jpg\" alt=\"\" class=\"wp-image-42\" srcset=\"https:\/\/cqllab.upc.edu\/people\/therfer\/wp-content\/uploads\/2020\/02\/82766898_10157258050224685_7390514508726272000_o.jpg 960w, https:\/\/cqllab.upc.edu\/people\/therfer\/wp-content\/uploads\/2020\/02\/82766898_10157258050224685_7390514508726272000_o-300x225.jpg 300w, https:\/\/cqllab.upc.edu\/people\/therfer\/wp-content\/uploads\/2020\/02\/82766898_10157258050224685_7390514508726272000_o-768x576.jpg 768w\" sizes=\"auto, (max-width: 960px) 100vw, 960px\" \/><\/figure>\n\n\n\n<figure class=\"wp-block-image size-large\"><img loading=\"lazy\" decoding=\"async\" width=\"960\" height=\"720\" data-id=\"47\" src=\"https:\/\/cqllab.upc.edu\/people\/therfer\/wp-content\/uploads\/2020\/02\/59855974_10156593989109685_4756546323199557632_o-1.jpg\" alt=\"\" class=\"wp-image-47\" srcset=\"https:\/\/cqllab.upc.edu\/people\/therfer\/wp-content\/uploads\/2020\/02\/59855974_10156593989109685_4756546323199557632_o-1.jpg 960w, https:\/\/cqllab.upc.edu\/people\/therfer\/wp-content\/uploads\/2020\/02\/59855974_10156593989109685_4756546323199557632_o-1-300x225.jpg 300w, https:\/\/cqllab.upc.edu\/people\/therfer\/wp-content\/uploads\/2020\/02\/59855974_10156593989109685_4756546323199557632_o-1-768x576.jpg 768w\" sizes=\"auto, (max-width: 960px) 100vw, 960px\" \/><\/figure>\n<\/figure>\n","protected":false},"excerpt":{"rendered":"<p>I am physicist, linguist and PhD in Cognitive Science (Linguistics). My current research interests include Education in a broad sense (AI, gamification, project-based learning, technology education, technoethics, etc.) and of course Quantitative Linguistics, i.e. the study of general patterns in language and in communication systems. &#8220;Homo sum, humani nihil a me alienum puto&#8221; Selected Books: &hellip; <\/p>\n<p class=\"link-more\"><a href=\"https:\/\/cqllab.upc.edu\/people\/therfer\/\" class=\"more-link\">Continue reading<span class=\"screen-reader-text\"> &#8220;Antoni Hern\u00e1ndez Fern\u00e1ndez&#8221;<\/span><\/a><\/p>\n","protected":false},"author":2,"featured_media":0,"parent":0,"menu_order":0,"comment_status":"closed","ping_status":"closed","template":"","meta":{"footnotes":""},"class_list":["post-6","page","type-page","status-publish","hentry","entry"],"_links":{"self":[{"href":"https:\/\/cqllab.upc.edu\/people\/therfer\/wp-json\/wp\/v2\/pages\/6","targetHints":{"allow":["GET"]}}],"collection":[{"href":"https:\/\/cqllab.upc.edu\/people\/therfer\/wp-json\/wp\/v2\/pages"}],"about":[{"href":"https:\/\/cqllab.upc.edu\/people\/therfer\/wp-json\/wp\/v2\/types\/page"}],"author":[{"embeddable":true,"href":"https:\/\/cqllab.upc.edu\/people\/therfer\/wp-json\/wp\/v2\/users\/2"}],"replies":[{"embeddable":true,"href":"https:\/\/cqllab.upc.edu\/people\/therfer\/wp-json\/wp\/v2\/comments?post=6"}],"version-history":[{"count":34,"href":"https:\/\/cqllab.upc.edu\/people\/therfer\/wp-json\/wp\/v2\/pages\/6\/revisions"}],"predecessor-version":[{"id":383,"href":"https:\/\/cqllab.upc.edu\/people\/therfer\/wp-json\/wp\/v2\/pages\/6\/revisions\/383"}],"wp:attachment":[{"href":"https:\/\/cqllab.upc.edu\/people\/therfer\/wp-json\/wp\/v2\/media?parent=6"}],"curies":[{"name":"wp","href":"https:\/\/api.w.org\/{rel}","templated":true}]}}