{"id":8,"date":"2020-02-20T07:45:05","date_gmt":"2020-02-20T07:45:05","guid":{"rendered":"https:\/\/cqllab.upc.edu\/people\/therfer\/?page_id=8"},"modified":"2025-07-13T16:34:19","modified_gmt":"2025-07-13T16:34:19","slug":"contact","status":"publish","type":"page","link":"https:\/\/cqllab.upc.edu\/people\/therfer\/contact\/","title":{"rendered":"Contact"},"content":{"rendered":"\n<p>Antoni Hern\u00e1ndez-Fern\u00e1ndez<br>Institut de Ci\u00e8ncies de l&#8217;Educaci\u00f3<br><strong>Universitat Polit\u00e8cnica de Catalunya -BarcelonaTech<\/strong><br>Campus Diagonal Nord, Edifici Omega, despatx 010.<\/p>\n\n\n\n<p><a href=\"https:\/\/www.google.com\/maps\/search\/0)+C.+Jordi+Girona?entry=gmail&amp;source=g\" target=\"_blank\" rel=\"noreferrer noopener\">C. Jordi Girona<\/a>, 1-3, 08034, BarcelonaBarcelona (Catalonia, Spain)<br>Tel.&nbsp; +34 93 401 60 66<br><strong>&nbsp;@therfer<\/strong>&nbsp;&nbsp;&nbsp;&nbsp;&nbsp;<a target=\"_blank\" rel=\"noreferrer noopener\">antonio.hernandez<\/a>[at]<a target=\"_blank\" rel=\"noreferrer noopener\">upc.edu<\/a><\/p>\n","protected":false},"excerpt":{"rendered":"<p>Antoni Hern\u00e1ndez-Fern\u00e1ndezInstitut de Ci\u00e8ncies de l&#8217;Educaci\u00f3Universitat Polit\u00e8cnica de Catalunya -BarcelonaTechCampus Diagonal Nord, Edifici Omega, despatx 010. C. Jordi Girona, 1-3, 08034, BarcelonaBarcelona (Catalonia, Spain)Tel.&nbsp; +34 93 401 60 66&nbsp;@therfer&nbsp;&nbsp;&nbsp;&nbsp;&nbsp;antonio.hernandez[at]upc.edu<\/p>\n","protected":false},"author":2,"featured_media":0,"parent":0,"menu_order":0,"comment_status":"closed","ping_status":"closed","template":"","meta":{"footnotes":""},"class_list":["post-8","page","type-page","status-publish","hentry","entry"],"_links":{"self":[{"href":"https:\/\/cqllab.upc.edu\/people\/therfer\/wp-json\/wp\/v2\/pages\/8","targetHints":{"allow":["GET"]}}],"collection":[{"href":"https:\/\/cqllab.upc.edu\/people\/therfer\/wp-json\/wp\/v2\/pages"}],"about":[{"href":"https:\/\/cqllab.upc.edu\/people\/therfer\/wp-json\/wp\/v2\/types\/page"}],"author":[{"embeddable":true,"href":"https:\/\/cqllab.upc.edu\/people\/therfer\/wp-json\/wp\/v2\/users\/2"}],"replies":[{"embeddable":true,"href":"https:\/\/cqllab.upc.edu\/people\/therfer\/wp-json\/wp\/v2\/comments?post=8"}],"version-history":[{"count":9,"href":"https:\/\/cqllab.upc.edu\/people\/therfer\/wp-json\/wp\/v2\/pages\/8\/revisions"}],"predecessor-version":[{"id":374,"href":"https:\/\/cqllab.upc.edu\/people\/therfer\/wp-json\/wp\/v2\/pages\/8\/revisions\/374"}],"wp:attachment":[{"href":"https:\/\/cqllab.upc.edu\/people\/therfer\/wp-json\/wp\/v2\/media?parent=8"}],"curies":[{"name":"wp","href":"https:\/\/api.w.org\/{rel}","templated":true}]}}