{"id":98,"date":"2020-02-21T09:25:55","date_gmt":"2020-02-21T09:25:55","guid":{"rendered":"https:\/\/cqllab.upc.edu\/people\/therfer\/?page_id=98"},"modified":"2023-03-21T10:53:46","modified_gmt":"2023-03-21T10:53:46","slug":"quantitative-linguistics","status":"publish","type":"page","link":"https:\/\/cqllab.upc.edu\/people\/therfer\/quantitative-linguistics\/","title":{"rendered":"Quantitative Linguistics"},"content":{"rendered":"\n<figure class=\"wp-block-gallery has-nested-images columns-default is-cropped wp-block-gallery-1 is-layout-flex wp-block-gallery-is-layout-flex\">\n<figure class=\"wp-block-image size-large\"><img loading=\"lazy\" decoding=\"async\" width=\"1024\" height=\"386\" data-id=\"99\" src=\"https:\/\/cqllab.upc.edu\/people\/therfer\/wp-content\/uploads\/2020\/02\/Imagen8-1024x386.jpg\" alt=\"\" class=\"wp-image-99\" srcset=\"https:\/\/cqllab.upc.edu\/people\/therfer\/wp-content\/uploads\/2020\/02\/Imagen8-1024x386.jpg 1024w, https:\/\/cqllab.upc.edu\/people\/therfer\/wp-content\/uploads\/2020\/02\/Imagen8-300x113.jpg 300w, https:\/\/cqllab.upc.edu\/people\/therfer\/wp-content\/uploads\/2020\/02\/Imagen8-768x289.jpg 768w, https:\/\/cqllab.upc.edu\/people\/therfer\/wp-content\/uploads\/2020\/02\/Imagen8.jpg 1290w\" sizes=\"auto, (max-width: 1024px) 100vw, 1024px\" \/><\/figure>\n\n\n\n<figure class=\"wp-block-image size-large\"><img loading=\"lazy\" decoding=\"async\" width=\"487\" height=\"376\" data-id=\"100\" src=\"https:\/\/cqllab.upc.edu\/people\/therfer\/wp-content\/uploads\/2020\/02\/Imagen9.jpg\" alt=\"\" class=\"wp-image-100\" srcset=\"https:\/\/cqllab.upc.edu\/people\/therfer\/wp-content\/uploads\/2020\/02\/Imagen9.jpg 487w, https:\/\/cqllab.upc.edu\/people\/therfer\/wp-content\/uploads\/2020\/02\/Imagen9-300x232.jpg 300w\" sizes=\"auto, (max-width: 487px) 100vw, 487px\" \/><\/figure>\n\n\n\n<figure class=\"wp-block-image size-large\"><img loading=\"lazy\" decoding=\"async\" width=\"781\" height=\"428\" data-id=\"101\" src=\"https:\/\/cqllab.upc.edu\/people\/therfer\/wp-content\/uploads\/2020\/02\/Imagen10.jpg\" alt=\"\" class=\"wp-image-101\" srcset=\"https:\/\/cqllab.upc.edu\/people\/therfer\/wp-content\/uploads\/2020\/02\/Imagen10.jpg 781w, https:\/\/cqllab.upc.edu\/people\/therfer\/wp-content\/uploads\/2020\/02\/Imagen10-300x164.jpg 300w, https:\/\/cqllab.upc.edu\/people\/therfer\/wp-content\/uploads\/2020\/02\/Imagen10-768x421.jpg 768w\" sizes=\"auto, (max-width: 781px) 100vw, 781px\" \/><\/figure>\n<figcaption class=\"blocks-gallery-caption\">Linguistic Laws in Speech!<\/figcaption><\/figure>\n\n\n\n<p><strong>Quantitative linguistics<\/strong> (<a href=\"https:\/\/en.wikipedia.org\/wiki\/Quantitative_linguistics\">QL<\/a>) is my passion since I discovered it with <a href=\"https:\/\/www.cs.upc.edu\/~rferrericancho\/\">Ramon Ferrer-i-Cancho.<\/a> <\/p>\n\n\n\n<p>QL tries to investigate the language and communication systems from a mathematical and physical perspective:  Can we find <strong>linguistic laws<\/strong>, analogously to physical laws? Sure!<\/p>\n\n\n\n<figure class=\"wp-block-image size-large\"><img loading=\"lazy\" decoding=\"async\" width=\"912\" height=\"457\" src=\"https:\/\/cqllab.upc.edu\/people\/therfer\/wp-content\/uploads\/2020\/02\/Imagen11.png\" alt=\"\" class=\"wp-image-102\" srcset=\"https:\/\/cqllab.upc.edu\/people\/therfer\/wp-content\/uploads\/2020\/02\/Imagen11.png 912w, https:\/\/cqllab.upc.edu\/people\/therfer\/wp-content\/uploads\/2020\/02\/Imagen11-300x150.png 300w, https:\/\/cqllab.upc.edu\/people\/therfer\/wp-content\/uploads\/2020\/02\/Imagen11-768x385.png 768w\" sizes=\"auto, (max-width: 912px) 100vw, 912px\" \/><figcaption>Table from <a href=\"https:\/\/www.mdpi.com\/1099-4300\/21\/12\/1153\">Hern\u00e1ndez-Fern\u00e1ndez, Gonz\u00e1lez Torre, Garrido &amp; Lacasa (2019).<\/a><\/figcaption><\/figure>\n\n\n\n<p>Since I started studying linguistics in 1997 I always thought that science should enter fully into the study of language, at that time still dominated by pseudoscientific approaches\u2026<\/p>\n\n\n\n<p> <strong>&#8220;Qualitative linguistics searches for rules and enumerates the exceptions, quantitative linguistics searches for models of phenomena and tests the models, just as in physics. In quantitative linguistics one gets deeper and is ready to abandon a falsified hypothesis;  in qualitative linguistics one adheres to a \u201cschool\u201d and follows the prescriptions just as in a religion. Projects are accepted only if they are in line with the dominant school \u2013 represented by the members of the commissions.&#8221;  <a href=\"https:\/\/de.wikipedia.org\/wiki\/Gabriel_Altmann\">Gabriel Altmann<\/a> (1931-2020), in Glottometrics 33 (2016), p. 32. <a href=\"https:\/\/glottometrics.iqla.org\/wp-content\/uploads\/2021\/06\/g33zeit.pdf\">Editorial Glotto 33, 2016 (iqla.org)<\/a> <\/strong><\/p>\n","protected":false},"excerpt":{"rendered":"<p>Quantitative linguistics (QL) is my passion since I discovered it with Ramon Ferrer-i-Cancho. QL tries to investigate the language and communication systems from a mathematical and physical perspective: Can we find linguistic laws, analogously to physical laws? Sure! Since I started studying linguistics in 1997 I always thought that science should enter fully into the &hellip; <\/p>\n<p class=\"link-more\"><a href=\"https:\/\/cqllab.upc.edu\/people\/therfer\/quantitative-linguistics\/\" class=\"more-link\">Continue reading<span class=\"screen-reader-text\"> &#8220;Quantitative Linguistics&#8221;<\/span><\/a><\/p>\n","protected":false},"author":2,"featured_media":0,"parent":0,"menu_order":0,"comment_status":"closed","ping_status":"closed","template":"","meta":{"footnotes":""},"class_list":["post-98","page","type-page","status-publish","hentry","entry"],"_links":{"self":[{"href":"https:\/\/cqllab.upc.edu\/people\/therfer\/wp-json\/wp\/v2\/pages\/98","targetHints":{"allow":["GET"]}}],"collection":[{"href":"https:\/\/cqllab.upc.edu\/people\/therfer\/wp-json\/wp\/v2\/pages"}],"about":[{"href":"https:\/\/cqllab.upc.edu\/people\/therfer\/wp-json\/wp\/v2\/types\/page"}],"author":[{"embeddable":true,"href":"https:\/\/cqllab.upc.edu\/people\/therfer\/wp-json\/wp\/v2\/users\/2"}],"replies":[{"embeddable":true,"href":"https:\/\/cqllab.upc.edu\/people\/therfer\/wp-json\/wp\/v2\/comments?post=98"}],"version-history":[{"count":3,"href":"https:\/\/cqllab.upc.edu\/people\/therfer\/wp-json\/wp\/v2\/pages\/98\/revisions"}],"predecessor-version":[{"id":313,"href":"https:\/\/cqllab.upc.edu\/people\/therfer\/wp-json\/wp\/v2\/pages\/98\/revisions\/313"}],"wp:attachment":[{"href":"https:\/\/cqllab.upc.edu\/people\/therfer\/wp-json\/wp\/v2\/media?parent=98"}],"curies":[{"name":"wp","href":"https:\/\/api.w.org\/{rel}","templated":true}]}}